{"id":1455,"date":"2021-07-21T12:59:23","date_gmt":"2021-07-21T10:59:23","guid":{"rendered":"https:\/\/yesicanenglish.es\/?page_id=1455"},"modified":"2021-07-21T12:59:25","modified_gmt":"2021-07-21T10:59:25","slug":"contact","status":"publish","type":"page","link":"https:\/\/yesicanenglish.es\/en\/contact\/","title":{"rendered":"Contact"},"content":{"rendered":"\n[et_pb_section fb_built=&#8221;1&#8243; _builder_version=&#8221;4.9.2&#8243; _module_preset=&#8221;default&#8221; custom_padding=&#8221;20px||0px||false|false&#8221; global_module=&#8221;206&#8243; saved_tabs=&#8221;all&#8221;][et_pb_row disabled_on=&#8221;on|on|off&#8221; _builder_version=&#8221;4.9.2&#8243; custom_margin=&#8221;||||false|false&#8221; custom_margin_last_edited=&#8221;off|tablet&#8221; locked=&#8221;off&#8221;][et_pb_column type=&#8221;4_4&#8243; _builder_version=&#8221;4.2.2&#8243;][et_pb_divider color=&#8221;#f9ce6e&#8221; divider_position=&#8221;center&#8221; divider_weight=&#8221;1px&#8221; disabled_on=&#8221;on|on|off&#8221; _builder_version=&#8221;4.9.2&#8243; width=&#8221;120px&#8221; height=&#8221;7px&#8221; box_shadow_style=&#8221;preset7&#8243; box_shadow_horizontal=&#8221;40px&#8221; box_shadow_vertical=&#8221;0px&#8221; box_shadow_color=&#8221;#f9ce6e&#8221; locked=&#8221;off&#8221;][\/et_pb_divider][et_pb_text _builder_version=&#8221;4.9.2&#8243; header_4_font=&#8221;PT Sans|700||on|||||&#8221; header_4_text_color=&#8221;#ffc107&#8243; header_4_font_size=&#8221;11px&#8221; header_4_letter_spacing=&#8221;1px&#8221; custom_margin=&#8221;-38px|||130px|false|false&#8221; custom_padding=&#8221;||||false|false&#8221; locked=&#8221;off&#8221;]<h4><div class=\"breadcrumbv2\"><a href=\"https:\/\/yesicanenglish.es\/en\/\">Home<\/a> \/ <a href=\"\"><\/a> \/ <span>Contact<\/span><\/div><\/h4>[\/et_pb_text][et_pb_text _builder_version=&#8221;4.9.2&#8243; _dynamic_attributes=&#8221;content&#8221; header_font_size=&#8221;63px&#8221; header_font_size_tablet=&#8221;45px&#8221; header_font_size_phone=&#8221;&#8221; header_font_size_last_edited=&#8221;on|tablet&#8221;]@ET-DC@eyJkeW5hbWljIjp0cnVlLCJjb250ZW50IjoicG9zdF90aXRsZSIsInNldHRpbmdzIjp7ImJlZm9yZSI6IjxoMT4iLCJhZnRlciI6IjwvaDE+In19@[\/et_pb_text][\/et_pb_column][\/et_pb_row][\/et_pb_section][et_pb_section fb_built=&#8221;1&#8243; _builder_version=&#8221;4.9.2&#8243; _module_preset=&#8221;default&#8221; custom_padding=&#8221;15px|||||&#8221;][et_pb_row column_structure=&#8221;2_3,1_3&#8243; _builder_version=&#8221;4.9.2&#8243; _module_preset=&#8221;default&#8221;][et_pb_column type=&#8221;2_3&#8243; _builder_version=&#8221;4.9.2&#8243; _module_preset=&#8221;default&#8221;][et_pb_text module_class=&#8221;formulario&#8221; _builder_version=&#8221;4.9.2&#8243; _module_preset=&#8221;default&#8221;]\n<div class=\"wpcf7 no-js\" id=\"wpcf7-f373-o1\" lang=\"es-ES\" dir=\"ltr\" data-wpcf7-id=\"373\">\n<div class=\"screen-reader-response\"><p role=\"status\" aria-live=\"polite\" aria-atomic=\"true\"><\/p> <ul><\/ul><\/div>\n<form action=\"\/en\/wp-json\/wp\/v2\/pages\/1455#wpcf7-f373-o1\" method=\"post\" class=\"wpcf7-form init wpcf7-acceptance-as-validation\" aria-label=\"Formulario de contacto\" novalidate=\"novalidate\" data-status=\"init\">\n<div style=\"display: none;\">\n<input type=\"hidden\" name=\"_wpcf7\" value=\"373\" \/>\n<input type=\"hidden\" name=\"_wpcf7_version\" value=\"6.0.6\" \/>\n<input type=\"hidden\" name=\"_wpcf7_locale\" value=\"es_ES\" \/>\n<input type=\"hidden\" name=\"_wpcf7_unit_tag\" value=\"wpcf7-f373-o1\" \/>\n<input type=\"hidden\" name=\"_wpcf7_container_post\" value=\"0\" \/>\n<input type=\"hidden\" name=\"_wpcf7_posted_data_hash\" value=\"\" \/>\n<input type=\"hidden\" name=\"_wpcf7_recaptcha_response\" value=\"\" \/>\n<\/div>\n<p><label> Tu nombre<br \/>\n<span class=\"wpcf7-form-control-wrap\" data-name=\"your-name\"><input size=\"40\" maxlength=\"400\" class=\"wpcf7-form-control wpcf7-text wpcf7-validates-as-required\" aria-required=\"true\" aria-invalid=\"false\" value=\"\" type=\"text\" name=\"your-name\" \/><\/span> <\/label>\n<\/p>\n<p><label> Tu correo electr\u00f3nico<br \/>\n<span class=\"wpcf7-form-control-wrap\" data-name=\"your-email\"><input size=\"40\" maxlength=\"400\" class=\"wpcf7-form-control wpcf7-email wpcf7-validates-as-required wpcf7-text wpcf7-validates-as-email\" aria-required=\"true\" aria-invalid=\"false\" value=\"\" type=\"email\" name=\"your-email\" \/><\/span> <\/label>\n<\/p>\n<p><label> Asunto<br \/>\n<span class=\"wpcf7-form-control-wrap\" data-name=\"your-subject\"><input size=\"40\" maxlength=\"400\" class=\"wpcf7-form-control wpcf7-text wpcf7-validates-as-required\" aria-required=\"true\" aria-invalid=\"false\" value=\"\" type=\"text\" name=\"your-subject\" \/><\/span> <\/label>\n<\/p>\n<p><label> Tel\u00e9fono<br \/>\n<span class=\"wpcf7-form-control-wrap\" data-name=\"your-telf\"><input size=\"40\" maxlength=\"400\" class=\"wpcf7-form-control wpcf7-text wpcf7-validates-as-required\" aria-required=\"true\" aria-invalid=\"false\" value=\"\" type=\"text\" name=\"your-telf\" \/><\/span> <\/label>\n<\/p>\n<p><label> Tu mensaje (opcional)<br \/>\n<span class=\"wpcf7-form-control-wrap\" data-name=\"your-message\"><textarea cols=\"40\" rows=\"10\" maxlength=\"2000\" class=\"wpcf7-form-control wpcf7-textarea\" aria-invalid=\"false\" name=\"your-message\"><\/textarea><\/span> <\/label>\n<\/p>\n<p class=\"textopeqRGPD\">Responsable: IOULIA LIOLI NIF Y2188978J, C\/ CRONISTA ROCAFORT, 43 - 2\u00ba A, 12004-CASTELLON.<br \/>\nLa finalidad del tratamiento de los datos para la que usted da su consentimiento ser\u00e1 la de gestionar los datos de los clientes\/usuarios que accedan al formulario de contacto de la p\u00e1gina web de la entidad, contestar sus consultas y\/o enviar publicidad de productos o servicios que puedan ser de su inter\u00e9s. Los datos proporcionados se conservar\u00e1n mientras no solicite el cese de la actividad y no se ceder\u00e1n a terceros, salvo obligaci\u00f3n legal. Ud. tiene derecho al acceso, rectificaci\u00f3n o a solicitar su supresi\u00f3n cuando los datos ya no sean necesarios para los fines que fueron recogidos en los t\u00e9rminos previstos en la Ley, que podr\u00e1 ejercitar mediante escrito dirigido al responsable de los mismos en la direcci\u00f3n de email info@yesicanenglish.es. Puede\tconsultar\tinformaci\u00f3n\tadicional\ten <a h ref=\"https:\/\/www.aemol.com\/clausulas.php?Y2188978J\" style=\"text-decoration:underline!important\" >https:\/\/www.aemol.com\/clausulas.php?Y2188978J<\/a>.\n<\/p>\n<p><span class=\"wpcf7-form-control-wrap\" data-name=\"your-consent\"><span class=\"wpcf7-form-control wpcf7-acceptance\"><span class=\"wpcf7-list-item\"><label><input type=\"checkbox\" name=\"your-consent\" value=\"1\" aria-invalid=\"false\" \/><span class=\"wpcf7-list-item-label\">He le\u00eddo y acepto las condiciones de la <a style=\"text-decoration:underline!important\" href=\"https:\/\/yesicanenglish.es\/politica-de-privacidad\/\">Pol\u00edtica de Privacidad<\/a><\/span><\/label><\/span><\/span><\/span>\n<\/p>\n<p><input class=\"wpcf7-form-control wpcf7-submit has-spinner\" type=\"submit\" value=\"Enviar\" \/>\n<\/p><div class=\"wpcf7-response-output\" aria-hidden=\"true\"><\/div>\n<\/form>\n<\/div>\n[\/et_pb_text][\/et_pb_column][et_pb_column type=&#8221;1_3&#8243; _builder_version=&#8221;4.9.2&#8243; _module_preset=&#8221;default&#8221;][et_pb_sidebar _builder_version=&#8221;4.9.2&#8243; _module_preset=&#8221;default&#8221; hover_enabled=&#8221;0&#8243; module_class=&#8221;contacthome&#8221; sticky_enabled=&#8221;0&#8243;][\/et_pb_sidebar][et_pb_code module_class=&#8221;svg svglarg01&#8243; _builder_version=&#8221;4.9.2&#8243; _module_preset=&#8221;default&#8221; max_width=&#8221;354px&#8221; module_alignment=&#8221;center&#8221; global_module=&#8221;400&#8243; saved_tabs=&#8221;all&#8221; locked=&#8221;off&#8221;]<?xml version=\"1.0\" encoding=\"utf-8\"?><!-- [et_pb_line_break_holder] --><!-- Generator: Adobe Illustrator 25.2.3, SVG Export Plug-In . SVG Version: 6.00 Build 0)  --><!-- [et_pb_line_break_holder] --><svg version=\"1.1\" id=\"Capa_1\" xmlns=\"http:\/\/www.w3.org\/2000\/svg\" xmlns:xlink=\"http:\/\/www.w3.org\/1999\/xlink\" x=\"0px\" y=\"0px\"<!-- [et_pb_line_break_holder] -->\t viewBox=&#8221;0 0 400 80&#8243; style=&#8221;enable-background:new 0 0 400 80;&#8221; xml:space=&#8221;preserve&#8221;><!-- [et_pb_line_break_holder] --><style type=\"text\/css\"><!-- [et_pb_line_break_holder] -->\t.st0{fill-rule:evenodd;clip-rule:evenodd;fill:#7A9D3C;}<!-- [et_pb_line_break_holder] -->\t.st1{fill-rule:evenodd;clip-rule:evenodd;fill:#5A2E28;}<!-- [et_pb_line_break_holder] --><\/style><!-- [et_pb_line_break_holder] --><g><!-- [et_pb_line_break_holder] -->\t<path class=\"st0\" d=\"M194.1,45.1L194.1,45.1C194.1,45.1,194.1,45.1,194.1,45.1c-0.4,0.7-0.6,1.4-0.9,2.1c-1.1,2.9-2.3,5.7-4.1,8.3<!-- [et_pb_line_break_holder] -->\t\tc-0.3,0.5-0.7,0.9-1.1,1.3c-0.5,0.5-1.7,0.4-2.1-0.2c-0.2-0.3-0.5-0.6-0.6-1c-0.5-1.7-0.6-3.4-0.1-5.1c1.5-5.8,4.8-10.4,9.6-14<!-- [et_pb_line_break_holder] -->\t\tc0.1-0.1,0.5-0.1,0.6-0.1c0.3,0.2,0.6,0.5,0.7,0.9c0.1,0.6,0.1,1.2-0.1,1.7C195.4,41.1,194.7,43.1,194.1,45.1z&#8221;\/><!-- [et_pb_line_break_holder] -->\t<path class=\"st0\" d=\"M200.1,37.7L200.1,37.7c0.5-1,0.9-2.1,1.4-3.1c0.2-0.4,0.6-0.5,0.9-0.4c0.2,0.1,0.4,0.1,0.5,0.3<!-- [et_pb_line_break_holder] -->\t\tc1,1.2,1.6,2.6,1.9,4.1c1,4.2,1.1,8.4,0.2,12.6c-0.3,1.7-0.9,3.3-1.9,4.8c-0.4,0.5-1.6,0.6-2,0c-0.1-0.2-0.3-0.3-0.4-0.4<!-- [et_pb_line_break_holder] -->\t\tc-1.9-3-2.6-6.4-2.4-9.9C198.5,42.9,199.1,40.3,200.1,37.7z&#8221;\/><!-- [et_pb_line_break_holder] -->\t<path class=\"st0\" d=\"M174.4,43L174.4,43c-0.9-0.4-1.3-1.6-1-2.1c0.5-1,1.3-2,2.2-2.6c1.4-1,2.8-2,4.4-2.8c4.3-2.2,8.7-4.3,13.2-5.9<!-- [et_pb_line_break_holder] -->\t\tc0.5-0.2,1.1-0.2,1.7-0.2c0.4,0,0.7,0.3,0.7,0.8c0,0.4-0.1,0.8-0.3,1.1c-1.9,2.7-4.2,5-6.7,7.2c-0.4,0.4-0.9,0.7-1.4,1<!-- [et_pb_line_break_holder] -->\t\tc-3.6,2-7.4,3.4-11.4,3.9C175.2,43.3,174.6,43,174.4,43z&#8221;\/><!-- [et_pb_line_break_holder] -->\t<path class=\"st0\" d=\"M220.2,48.1L220.2,48.1c-0.9-0.5-2.2-1-3.2-1.8c-2.9-2.2-5.7-4.6-8-7.5c-0.7-0.9-1.5-1.8-1.9-2.9<!-- [et_pb_line_break_holder] -->\t\tc-0.7-1.6-1.1-3.3-1.6-4.9c-0.1-0.3,0.2-0.7,0.4-0.9c0.3-0.3,0.7-0.2,1.1,0c0.5,0.3,1.1,0.4,1.5,0.8c2.5,1.8,5,3.6,7.3,5.7<!-- [et_pb_line_break_holder] -->\t\tc1.4,1.3,2.8,2.6,4.2,4c1.1,1.1,2,2.4,2.6,3.8c0.3,0.7,0.4,1.5,0.5,2.2c0.1,0.9-1,1.9-1.9,1.7C220.9,48.2,220.7,48.2,220.2,48.1z&#8221;<!-- [et_pb_line_break_holder] -->\t\t\/><!-- [et_pb_line_break_holder] -->\t<g><!-- [et_pb_line_break_holder] -->\t\t<path class=\"st1\" d=\"M247.1,27.1c-9.5,0-18.9,0-28.4,0c-1.3,0-2.7-0.1-4-0.2c-0.4,0-0.6-0.4-0.7-0.8c-0.1-0.4,0.1-0.7,0.5-0.9<!-- [et_pb_line_break_holder] -->\t\t\tc0.4-0.1,0.7-0.3,1.1-0.4c0.8-0.1,1.5-0.1,2.3-0.2c1.7,0,3.5,0,5.2,0c10.4,0,20.8,0,31.3,0c7.3,0,14.7-0.1,22-0.2<!-- [et_pb_line_break_holder] -->\t\t\tc1.3,0,2.7-0.2,4,0.3c0.4,0.2,0.7,0.4,0.7,0.8c0,0.4-0.2,0.8-0.5,0.9c-0.5,0.2-1.1,0.4-1.7,0.4c-3.5,0.1-6.9,0.2-10.4,0.2<!-- [et_pb_line_break_holder] -->\t\t\tC261.4,27.1,254.3,27.1,247.1,27.1C247.1,27.1,247.1,27.1,247.1,27.1z&#8221;\/><!-- [et_pb_line_break_holder] -->\t\t<path class=\"st1\" d=\"M338.4,25.6c-7.1,0.3-14.3,0.6-21.4,0.9c-1,0-1.9,0.1-2.8-0.4c-0.1-0.1-0.3-0.2-0.4-0.4<!-- [et_pb_line_break_holder] -->\t\t\tc-0.1-0.4,0.1-0.8,0.4-1c0.5-0.4,1.1-0.4,1.6-0.5c12.5-0.7,25-1.3,37.6-1.3c2.5,0,5-0.1,7.5-0.1c0.6,0,1.1,0.2,1.7,0.4<!-- [et_pb_line_break_holder] -->\t\t\tc0.4,0.1,0.5,0.5,0.3,0.9c-0.1,0.1-0.2,0.3-0.3,0.4c-0.5,0.2-1.1,0.4-1.7,0.4C353.4,25.2,345.9,25.4,338.4,25.6<!-- [et_pb_line_break_holder] -->\t\t\tC338.4,25.6,338.4,25.6,338.4,25.6z&#8221;\/><!-- [et_pb_line_break_holder] -->\t\t<path class=\"st1\" d=\"M386.6,19.6c-0.4-0.2,0.5,0.3,1.3,0.8c3.3,2,6.6,4,9.8,6c0.1,0.1,0.3,0.3,0.3,0.5c0,0.3-0.3,0.6-0.7,0.8<!-- [et_pb_line_break_holder] -->\t\t\tc-0.4,0.1-0.7,0.3-1.1,0.4c-4,0.6-8,1.3-11.8,2.5c-0.4,0.1-1.3-0.6-1.3-0.9c-0.3-3.3,0-6.5,0.5-9.8<!-- [et_pb_line_break_holder] -->\t\t\tC383.7,19,384.7,18.6,386.6,19.6z&#8221;\/><!-- [et_pb_line_break_holder] -->\t\t<path class=\"st1\" d=\"M303.3,26.6c-0.2,2.2-1.7,3.6-3,3.9c-1.9,0.4-3.4-0.1-4.6-1.6c-1.7-2.2-0.9-5.2,1.7-6.2<!-- [et_pb_line_break_holder] -->\t\t\tc1.1-0.4,2.2-0.5,3.4-0.1c1.6,0.6,2.5,1.8,2.5,3.5C303.3,26.3,303.3,26.5,303.3,26.6z&#8221;\/><!-- [et_pb_line_break_holder] -->\t\t<path class=\"st1\" d=\"M374.2,24.8c-0.6-0.1-1-0.4-1.2-1c-0.3-0.6,0-1.1,0.3-1.5c0.7-0.8,1.7-0.8,2.4-0.1c0.1,0.1,0.2,0.3,0.3,0.5<!-- [et_pb_line_break_holder] -->\t\t\tc0.2,0.6,0,1.1-0.4,1.5C375.3,24.7,374.8,24.9,374.2,24.8z&#8221;\/><!-- [et_pb_line_break_holder] -->\t\t<path class=\"st1\" d=\"M152.9,27.1c9.5,0,18.9,0,28.4,0c1.3,0,2.7-0.1,4-0.2c0.4,0,0.6-0.4,0.7-0.8c0.1-0.4-0.1-0.7-0.5-0.9<!-- [et_pb_line_break_holder] -->\t\t\tc-0.4-0.1-0.7-0.3-1.1-0.4c-0.8-0.1-1.5-0.1-2.3-0.2c-1.7,0-3.5,0-5.2,0c-10.4,0-20.8,0-31.3,0c-7.3,0-14.7-0.1-22-0.2<!-- [et_pb_line_break_holder] -->\t\t\tc-1.3,0-2.7-0.2-4,0.3c-0.4,0.2-0.7,0.4-0.7,0.8c0,0.4,0.2,0.8,0.5,0.9c0.5,0.2,1.1,0.4,1.7,0.4c3.5,0.1,6.9,0.2,10.4,0.2<!-- [et_pb_line_break_holder] -->\t\t\tC138.6,27.1,145.7,27.1,152.9,27.1C152.9,27.1,152.9,27.1,152.9,27.1z&#8221;\/><!-- [et_pb_line_break_holder] -->\t\t<path class=\"st1\" d=\"M61.6,25.6c7.1,0.3,14.3,0.6,21.4,0.9c1,0,1.9,0.1,2.8-0.4c0.1-0.1,0.3-0.2,0.4-0.4c0.1-0.4-0.1-0.8-0.4-1<!-- [et_pb_line_break_holder] -->\t\t\tc-0.5-0.4-1.1-0.4-1.6-0.5c-12.5-0.7-25-1.3-37.6-1.3c-2.5,0-5-0.1-7.5-0.1c-0.6,0-1.1,0.2-1.7,0.4c-0.4,0.1-0.5,0.5-0.3,0.9<!-- [et_pb_line_break_holder] -->\t\t\tc0.1,0.1,0.2,0.3,0.3,0.4c0.5,0.2,1.1,0.4,1.7,0.4C46.6,25.2,54.1,25.4,61.6,25.6C61.6,25.6,61.6,25.6,61.6,25.6z&#8221;\/><!-- [et_pb_line_break_holder] -->\t\t<path class=\"st1\" d=\"M13.4,19.6c0.4-0.2-0.5,0.3-1.3,0.8c-3.3,2-6.6,4-9.8,6C2.2,26.4,2,26.7,2,26.8c0,0.3,0.3,0.6,0.7,0.8<!-- [et_pb_line_break_holder] -->\t\t\tC3,27.7,3.4,27.9,3.8,28c4,0.6,8,1.3,11.8,2.5c0.4,0.1,1.3-0.6,1.3-0.9c0.3-3.3,0-6.5-0.5-9.8C16.3,19,15.3,18.6,13.4,19.6z&#8221;\/><!-- [et_pb_line_break_holder] -->\t\t<path class=\"st1\" d=\"M96.7,26.6c0.2,2.2,1.7,3.6,3,3.9c1.9,0.4,3.4-0.1,4.6-1.6c1.7-2.2,0.9-5.2-1.7-6.2c-1.1-0.4-2.2-0.5-3.4-0.1<!-- [et_pb_line_break_holder] -->\t\t\tc-1.6,0.6-2.5,1.8-2.5,3.5C96.7,26.3,96.7,26.5,96.7,26.6z&#8221;\/><!-- [et_pb_line_break_holder] -->\t\t<path class=\"st1\" d=\"M25.8,24.8c0.6-0.1,1-0.4,1.2-1c0.3-0.6,0-1.1-0.3-1.5c-0.7-0.8-1.7-0.8-2.4-0.1c-0.1,0.1-0.2,0.3-0.3,0.5<!-- [et_pb_line_break_holder] -->\t\t\tc-0.2,0.6,0,1.1,0.4,1.5C24.7,24.7,25.2,24.9,25.8,24.8z&#8221;\/><!-- [et_pb_line_break_holder] -->\t\t<path class=\"st1\" d=\"M206.3,54.9c0.9-2.6,1.6-5.2,1.6-7.9c0-1,0.3-1.9,0.4-2.8c0.1-0.4,1.1-0.7,1.5-0.5c1.1,0.8,2.1,1.6,3.2,2.5<!-- [et_pb_line_break_holder] -->\t\t\tc1.4,1.1,2.7,2.2,4.1,3.2c1.1,0.8,2.3,1.4,3.7,1.6c2.2,0.4,3.9-0.8,4.4-2.8c0.3-1.3,0.3-2.7-0.2-4c-0.4-0.9-0.8-1.8-1.3-2.6<!-- [et_pb_line_break_holder] -->\t\t\tc-0.7-1.1-1.5-2.2-2.5-3.2c-5.2-5.3-10.9-9.8-17.6-13c-1.1-0.5-2.2-0.6-3.4-0.4c-2.3,0.4-4.5,1-6.7,1.8c-5.3,2-10.4,4.3-15.3,6.9<!-- [et_pb_line_break_holder] -->\t\t\tc-2.1,1.1-3.9,2.4-5.6,4.1c-0.8,0.9-1.4,1.8-1.8,2.9c-1,2.6,1.3,4.9,3.3,5c1.4,0.1,2.7-0.1,4-0.4c1.7-0.4,3.4-0.8,5.1-1.2<!-- [et_pb_line_break_holder] -->\t\t\tc0.4-0.1,1.1,0.7,1,1.2c-0.4,1.5-0.9,3-1.3,4.5c-0.5,2.3-0.6,4.6,0.1,6.9c0.3,0.9,0.7,1.8,1.4,2.5c1.2,1.3,3.4,1.4,4.7,0.1<!-- [et_pb_line_break_holder] -->\t\t\tc1.5-1.5,2.7-3.3,3.6-5.2c0.6-1.2,0.9-2.6,1.9-3.5c0.3-0.2,0.7-0.3,1,0c0.3,0.2,0.6,0.6,0.7,0.9c0.7,2,1.4,4,2.5,5.8<!-- [et_pb_line_break_holder] -->\t\t\tc0.5,0.8,1.1,1.6,1.8,2.3c0.8,0.9,2.9,0.6,3.6-0.5C205,57.7,205.6,56.3,206.3,54.9L206.3,54.9z M220.2,48.1L220.2,48.1<!-- [et_pb_line_break_holder] -->\t\t\tc-0.9-0.5-2.2-1-3.2-1.8c-2.9-2.2-5.7-4.6-8-7.5c-0.7-0.9-1.5-1.8-1.9-2.9c-0.7-1.6-1.1-3.3-1.6-4.9c-0.1-0.3,0.2-0.7,0.4-0.9<!-- [et_pb_line_break_holder] -->\t\t\tc0.3-0.3,0.7-0.2,1.1,0c0.5,0.3,1.1,0.4,1.5,0.8c2.5,1.8,5,3.6,7.3,5.7c1.4,1.3,2.8,2.6,4.2,4c1.1,1.1,2,2.4,2.6,3.8<!-- [et_pb_line_break_holder] -->\t\t\tc0.3,0.7,0.4,1.5,0.5,2.2c0.1,0.9-1,1.9-1.9,1.7C220.9,48.2,220.7,48.2,220.2,48.1L220.2,48.1z M174.4,43L174.4,43<!-- [et_pb_line_break_holder] -->\t\t\tc-0.9-0.4-1.3-1.6-1-2.1c0.5-1,1.3-2,2.2-2.6c1.4-1,2.8-2,4.4-2.8c4.3-2.2,8.7-4.3,13.2-5.9c0.5-0.2,1.1-0.2,1.7-0.2<!-- [et_pb_line_break_holder] -->\t\t\tc0.4,0,0.7,0.3,0.7,0.8c0,0.4-0.1,0.8-0.3,1.1c-1.9,2.7-4.2,5-6.7,7.2c-0.4,0.4-0.9,0.7-1.4,1c-3.6,2-7.4,3.4-11.4,3.9<!-- [et_pb_line_break_holder] -->\t\t\tC175.2,43.3,174.6,43,174.4,43L174.4,43z M200.1,37.7L200.1,37.7c0.5-1,0.9-2.1,1.4-3.1c0.2-0.4,0.6-0.5,0.9-0.4<!-- [et_pb_line_break_holder] -->\t\t\tc0.2,0.1,0.4,0.1,0.5,0.3c1,1.2,1.6,2.6,1.9,4.1c1,4.2,1.1,8.4,0.2,12.6c-0.3,1.7-0.9,3.3-1.9,4.8c-0.4,0.5-1.6,0.6-2,0<!-- [et_pb_line_break_holder] -->\t\t\tc-0.1-0.2-0.3-0.3-0.4-0.4c-1.9-3-2.6-6.4-2.4-9.9C198.5,42.9,199.1,40.3,200.1,37.7L200.1,37.7z M194.1,45.1L194.1,45.1<!-- [et_pb_line_break_holder] -->\t\t\tC194.1,45.1,194.1,45.1,194.1,45.1c-0.4,0.7-0.6,1.4-0.9,2.1c-1.1,2.9-2.3,5.7-4.1,8.3c-0.3,0.5-0.7,0.9-1.1,1.3<!-- [et_pb_line_break_holder] -->\t\t\tc-0.5,0.5-1.7,0.4-2.1-0.2c-0.2-0.3-0.5-0.6-0.6-1c-0.5-1.7-0.6-3.4-0.1-5.1c1.5-5.8,4.8-10.4,9.6-14c0.1-0.1,0.5-0.1,0.6-0.1<!-- [et_pb_line_break_holder] -->\t\t\tc0.3,0.2,0.6,0.5,0.7,0.9c0.1,0.6,0.1,1.2-0.1,1.7C195.4,41.1,194.7,43.1,194.1,45.1z&#8221;\/><!-- [et_pb_line_break_holder] -->\t<\/g><!-- [et_pb_line_break_holder] --><\/g><!-- [et_pb_line_break_holder] --><\/svg>[\/et_pb_code][\/et_pb_column][\/et_pb_row][\/et_pb_section]\n","protected":false},"excerpt":{"rendered":"<p><div class=\"breadcrumbv2\"><a href=\"https:\/\/yesicanenglish.es\/en\/\">Home<\/a> \/ <a href=\"\"><\/a> \/ <span>Contact<\/span><\/div>\n<div class=\"wpcf7 no-js\" id=\"wpcf7-f373-o2\" lang=\"es-ES\" dir=\"ltr\" data-wpcf7-id=\"373\">\n<div class=\"screen-reader-response\"><p role=\"status\" aria-live=\"polite\" aria-atomic=\"true\"><\/p> <ul><\/ul><\/div>\n<form action=\"\/en\/wp-json\/wp\/v2\/pages\/1455#wpcf7-f373-o2\" method=\"post\" class=\"wpcf7-form init wpcf7-acceptance-as-validation\" aria-label=\"Formulario de contacto\" novalidate=\"novalidate\" data-status=\"init\">\n<div style=\"display: none;\">\n<input type=\"hidden\" name=\"_wpcf7\" value=\"373\" \/>\n<input type=\"hidden\" name=\"_wpcf7_version\" value=\"6.0.6\" \/>\n<input type=\"hidden\" name=\"_wpcf7_locale\" value=\"es_ES\" \/>\n<input type=\"hidden\" name=\"_wpcf7_unit_tag\" value=\"wpcf7-f373-o2\" \/>\n<input type=\"hidden\" name=\"_wpcf7_container_post\" value=\"0\" \/>\n<input type=\"hidden\" name=\"_wpcf7_posted_data_hash\" value=\"\" \/>\n<input type=\"hidden\" name=\"_wpcf7_recaptcha_response\" value=\"\" \/>\n<\/div>\n<p><label> Tu nombre<br \/>\n<span class=\"wpcf7-form-control-wrap\" data-name=\"your-name\"><input size=\"40\" maxlength=\"400\" class=\"wpcf7-form-control wpcf7-text wpcf7-validates-as-required\" aria-required=\"true\" aria-invalid=\"false\" value=\"\" type=\"text\" name=\"your-name\" \/><\/span> <\/label>\n<\/p>\n<p><label> Tu correo electr\u00f3nico<br \/>\n<span class=\"wpcf7-form-control-wrap\" data-name=\"your-email\"><input size=\"40\" maxlength=\"400\" class=\"wpcf7-form-control wpcf7-email wpcf7-validates-as-required wpcf7-text wpcf7-validates-as-email\" aria-required=\"true\" aria-invalid=\"false\" value=\"\" type=\"email\" name=\"your-email\" \/><\/span> <\/label>\n<\/p>\n<p><label> Asunto<br \/>\n<span class=\"wpcf7-form-control-wrap\" data-name=\"your-subject\"><input size=\"40\" maxlength=\"400\" class=\"wpcf7-form-control wpcf7-text wpcf7-validates-as-required\" aria-required=\"true\" aria-invalid=\"false\" value=\"\" type=\"text\" name=\"your-subject\" \/><\/span> <\/label>\n<\/p>\n<p><label> Tel\u00e9fono<br \/>\n<span class=\"wpcf7-form-control-wrap\" data-name=\"your-telf\"><input size=\"40\" maxlength=\"400\" class=\"wpcf7-form-control wpcf7-text wpcf7-validates-as-required\" aria-required=\"true\" aria-invalid=\"false\" value=\"\" type=\"text\" name=\"your-telf\" \/><\/span> <\/label>\n<\/p>\n<p><label> Tu mensaje (opcional)<br \/>\n<span class=\"wpcf7-form-control-wrap\" data-name=\"your-message\"><textarea cols=\"40\" rows=\"10\" maxlength=\"2000\" class=\"wpcf7-form-control wpcf7-textarea\" aria-invalid=\"false\" name=\"your-message\"><\/textarea><\/span> <\/label>\n<\/p>\n<p class=\"textopeqRGPD\">Responsable: IOULIA LIOLI NIF Y2188978J, C\/ CRONISTA ROCAFORT, 43 - 2\u00ba A, 12004-CASTELLON.<br \/>\nLa finalidad del tratamiento de los datos para la que usted da su consentimiento ser\u00e1 la de gestionar los datos de los clientes\/usuarios que accedan al formulario de contacto de la p\u00e1gina web de la entidad, contestar sus consultas y\/o enviar publicidad de productos o servicios que puedan ser de su inter\u00e9s. Los datos proporcionados se conservar\u00e1n mientras no solicite el cese de la actividad y no se ceder\u00e1n a terceros, salvo obligaci\u00f3n legal. Ud. tiene derecho al acceso, rectificaci\u00f3n o a solicitar su supresi\u00f3n cuando los datos ya no sean necesarios para los fines que fueron recogidos en los t\u00e9rminos previstos en la Ley, que podr\u00e1 ejercitar mediante escrito dirigido al responsable de los mismos en la direcci\u00f3n de email info@yesicanenglish.es. Puede\tconsultar\tinformaci\u00f3n\tadicional\ten <a h ref=\"https:\/\/www.aemol.com\/clausulas.php?Y2188978J\" style=\"text-decoration:underline!important\" >https:\/\/www.aemol.com\/clausulas.php?Y2188978J<\/a>.\n<\/p>\n<p><span class=\"wpcf7-form-control-wrap\" data-name=\"your-consent\"><span class=\"wpcf7-form-control wpcf7-acceptance\"><span class=\"wpcf7-list-item\"><label><input type=\"checkbox\" name=\"your-consent\" value=\"1\" aria-invalid=\"false\" \/><span class=\"wpcf7-list-item-label\">He le\u00eddo y acepto las condiciones de la <a style=\"text-decoration:underline!important\" href=\"https:\/\/yesicanenglish.es\/politica-de-privacidad\/\">Pol\u00edtica de Privacidad<\/a><\/span><\/label><\/span><\/span><\/span>\n<\/p>\n<p><input class=\"wpcf7-form-control wpcf7-submit has-spinner\" type=\"submit\" value=\"Enviar\" \/>\n<\/p><div class=\"wpcf7-response-output\" aria-hidden=\"true\"><\/div>\n<\/form>\n<\/div>\n viewBox=&#8221;0 0 400 80&#8243; style=&#8221;enable-background:new 0 0 400 80;&#8221; xml:space=&#8221;preserve&#8221;<\/p>\n","protected":false},"author":1,"featured_media":0,"parent":0,"menu_order":0,"comment_status":"closed","ping_status":"closed","template":"","meta":{"_acf_changed":false,"_et_pb_use_builder":"on","_et_pb_old_content":"<!-- wp:divi\/placeholder \/-->","_et_gb_content_width":"","om_disable_all_campaigns":false,"_monsterinsights_skip_tracking":false,"_monsterinsights_sitenote_active":false,"_monsterinsights_sitenote_note":"","_monsterinsights_sitenote_category":0,"footnotes":""},"class_list":["post-1455","page","type-page","status-publish","hentry"],"acf":[],"aioseo_notices":[],"_links":{"self":[{"href":"https:\/\/yesicanenglish.es\/en\/wp-json\/wp\/v2\/pages\/1455","targetHints":{"allow":["GET"]}}],"collection":[{"href":"https:\/\/yesicanenglish.es\/en\/wp-json\/wp\/v2\/pages"}],"about":[{"href":"https:\/\/yesicanenglish.es\/en\/wp-json\/wp\/v2\/types\/page"}],"author":[{"embeddable":true,"href":"https:\/\/yesicanenglish.es\/en\/wp-json\/wp\/v2\/users\/1"}],"replies":[{"embeddable":true,"href":"https:\/\/yesicanenglish.es\/en\/wp-json\/wp\/v2\/comments?post=1455"}],"version-history":[{"count":1,"href":"https:\/\/yesicanenglish.es\/en\/wp-json\/wp\/v2\/pages\/1455\/revisions"}],"predecessor-version":[{"id":1456,"href":"https:\/\/yesicanenglish.es\/en\/wp-json\/wp\/v2\/pages\/1455\/revisions\/1456"}],"wp:attachment":[{"href":"https:\/\/yesicanenglish.es\/en\/wp-json\/wp\/v2\/media?parent=1455"}],"curies":[{"name":"wp","href":"https:\/\/api.w.org\/{rel}","templated":true}]}}