{"id":1765,"date":"2021-10-18T12:35:10","date_gmt":"2021-10-18T10:35:10","guid":{"rendered":"https:\/\/yesicanenglish.es\/?page_id=1765"},"modified":"2022-03-02T16:38:54","modified_gmt":"2022-03-02T15:38:54","slug":"summer-courses","status":"publish","type":"page","link":"https:\/\/yesicanenglish.es\/en\/english-courses-spain\/summer-courses\/","title":{"rendered":"Summer Courses"},"content":{"rendered":"<p>[et_pb_section fb_built=&#8221;1&#8243; disabled_on=&#8221;off|off|off&#8221; _builder_version=&#8221;4.9.2&#8243; _module_preset=&#8221;default&#8221; background_color=&#8221;RGBA(0,0,0,0)&#8221; custom_padding=&#8221;20px||0px||false|false&#8221; saved_tabs=&#8221;all&#8221; global_colors_info=&#8221;{}&#8221;][et_pb_row disabled_on=&#8221;off|off|off&#8221; _builder_version=&#8221;4.9.2&#8243; custom_margin=&#8221;||||false|false&#8221; custom_margin_last_edited=&#8221;off|tablet&#8221; locked=&#8221;off&#8221; global_colors_info=&#8221;{}&#8221;][et_pb_column type=&#8221;4_4&#8243; _builder_version=&#8221;4.2.2&#8243; global_colors_info=&#8221;{}&#8221;][et_pb_divider color=&#8221;#f9ce6e&#8221; divider_position=&#8221;center&#8221; divider_weight=&#8221;1px&#8221; disabled_on=&#8221;on|on|off&#8221; _builder_version=&#8221;4.9.2&#8243; width=&#8221;120px&#8221; height=&#8221;7px&#8221; box_shadow_style=&#8221;preset7&#8243; box_shadow_horizontal=&#8221;40px&#8221; box_shadow_vertical=&#8221;0px&#8221; box_shadow_color=&#8221;#f9ce6e&#8221; locked=&#8221;off&#8221; global_colors_info=&#8221;{}&#8221;][\/et_pb_divider][et_pb_text _builder_version=&#8221;4.9.2&#8243; header_4_font=&#8221;PT Sans|700||on|||||&#8221; header_4_text_color=&#8221;#ffc107&#8243; header_4_font_size=&#8221;11px&#8221; header_4_letter_spacing=&#8221;1px&#8221; custom_margin=&#8221;-38px|||130px|false|false&#8221; custom_padding=&#8221;||||false|false&#8221; locked=&#8221;off&#8221; global_colors_info=&#8221;{}&#8221;]<\/p>\n<h4><div class=\"breadcrumbv2\"><a href=\"https:\/\/yesicanenglish.es\/en\/\">Home<\/a> \/ <a href=\"\"><\/a> \/ <span>Summer Courses<\/span><\/div><\/h4>\n<p>[\/et_pb_text][et_pb_text _builder_version=&#8221;4.9.2&#8243; _dynamic_attributes=&#8221;content&#8221; header_font_size=&#8221;63px&#8221; header_font_size_tablet=&#8221;45px&#8221; header_font_size_phone=&#8221;&#8221; header_font_size_last_edited=&#8221;on|tablet&#8221; global_colors_info=&#8221;{}&#8221;]@ET-DC@eyJkeW5hbWljIjp0cnVlLCJjb250ZW50IjoicG9zdF90aXRsZSIsInNldHRpbmdzIjp7ImJlZm9yZSI6IjxoMT4iLCJhZnRlciI6IjwvaDE+In19@[\/et_pb_text][\/et_pb_column][\/et_pb_row][\/et_pb_section][et_pb_section fb_built=&#8221;1&#8243; admin_label=&#8221;Services&#8221; _builder_version=&#8221;4.9.2&#8243; background_color=&#8221;RGBA(0,0,0,0)&#8221; z_index=&#8221;10&#8243; custom_padding=&#8221;3px|||||&#8221; locked=&#8221;off&#8221; global_colors_info=&#8221;{}&#8221;][et_pb_row _builder_version=&#8221;4.9.2&#8243; _module_preset=&#8221;default&#8221; global_colors_info=&#8221;{}&#8221;][et_pb_column type=&#8221;4_4&#8243; _builder_version=&#8221;4.9.2&#8243; _module_preset=&#8221;default&#8221; global_colors_info=&#8221;{}&#8221;][et_pb_text _builder_version=&#8221;4.9.2&#8243; custom_margin=&#8221;||||false|false&#8221; locked=&#8221;off&#8221; global_colors_info=&#8221;{}&#8221;]<\/p>\n<h2>Summer certification courses for EOI<\/h2>\n<p>[\/et_pb_text][\/et_pb_column][\/et_pb_row][et_pb_row column_structure=&#8221;2_5,3_5&#8243; _builder_version=&#8221;4.9.2&#8243; _module_preset=&#8221;default&#8221; custom_padding=&#8221;0px||54px||false|false&#8221; global_colors_info=&#8221;{}&#8221;][et_pb_column type=&#8221;2_5&#8243; _builder_version=&#8221;4.9.2&#8243; _module_preset=&#8221;default&#8221; global_colors_info=&#8221;{}&#8221;][et_pb_text _builder_version=&#8221;4.9.2&#8243; _module_preset=&#8221;default&#8221; text_text_color=&#8221;#7A9D3C&#8221; text_font_size=&#8221;31px&#8221; text_line_height=&#8221;1.1em&#8221; animation_style=&#8221;fade&#8221; text_font_size_tablet=&#8221;25px&#8221; text_font_size_phone=&#8221;&#8221; text_font_size_last_edited=&#8221;on|tablet&#8221; global_colors_info=&#8221;{}&#8221;]<\/p>\n<p>Curso 100% online y a tu ritmo a trav\u00e9s de nuestra plataforma de elearning.<\/p>\n<p>[\/et_pb_text][\/et_pb_column][et_pb_column type=&#8221;3_5&#8243; _builder_version=&#8221;4.9.2&#8243; _module_preset=&#8221;default&#8221; global_colors_info=&#8221;{}&#8221;][et_pb_text _builder_version=&#8221;4.9.2&#8243; _module_preset=&#8221;default&#8221; global_colors_info=&#8221;{}&#8221;]<\/p>\n<p>Learn English and get ready to obtain the EOI certificate in <strong>10 lessons, a total of 40hrs.\u00a0 (35hrs. of classes and 5hrs. of corrections) training with a new methodology based on short modules of 35-40 minutes<\/strong> that cover all the necessary skills to be able to successfully do the EOI exam in the Valencian Community.<\/p>\n<p>[\/et_pb_text][et_pb_text _builder_version=&#8221;4.9.2&#8243; _module_preset=&#8221;default&#8221; global_colors_info=&#8221;{}&#8221;]<\/p>\n<p>At the end of each lesson, a recording is sent to the teacher to<strong> correct the personal presentation, linguistic mediation etc., together with a writing to correct<\/strong> related to the subject of the lesson.<\/p>\n<p>[\/et_pb_text][\/et_pb_column][\/et_pb_row][et_pb_row _builder_version=&#8221;4.14.8&#8243; _module_preset=&#8221;default&#8221; custom_padding=&#8221;20px|20px|0px|20px|false|true&#8221; border_width_all=&#8221;2px&#8221; border_color_all=&#8221;#B4351E&#8221; global_colors_info=&#8221;{}&#8221; theme_builder_area=&#8221;post_content&#8221;][et_pb_column type=&#8221;4_4&#8243; _builder_version=&#8221;4.14.8&#8243; _module_preset=&#8221;default&#8221; global_colors_info=&#8221;{}&#8221; theme_builder_area=&#8221;post_content&#8221;][et_pb_text _builder_version=&#8221;4.14.8&#8243; _module_preset=&#8221;default&#8221; text_text_color=&#8221;#7A9D3C&#8221; text_font_size=&#8221;25px&#8221; text_line_height=&#8221;1.4em&#8221; text_orientation=&#8221;center&#8221; max_width=&#8221;66%&#8221; module_alignment=&#8221;center&#8221; custom_margin=&#8221;||8px|||&#8221; hover_enabled=&#8221;0&#8243; global_colors_info=&#8221;{}&#8221; theme_builder_area=&#8221;post_content&#8221; sticky_enabled=&#8221;0&#8243;]<\/p>\n<p>Pr\u00f3ximamente m\u00e1s informaci\u00f3n de los cursos de verano. Reg\u00edstrate para conocer nuestros cursos online para preparar la EOI<\/p>\n<p>[\/et_pb_text][et_pb_blurb use_icon=&#8221;on&#8221; font_icon=&#8221;&#xf0a7;||fa||400&#8243; image_icon_width=&#8221;57px&#8221; _builder_version=&#8221;4.14.8&#8243; _module_preset=&#8221;default&#8221; module_alignment=&#8221;center&#8221; custom_padding=&#8221;||0px|||&#8221; global_colors_info=&#8221;{}&#8221; theme_builder_area=&#8221;post_content&#8221;][\/et_pb_blurb][\/et_pb_column][\/et_pb_row][et_pb_row column_structure=&#8221;3_4,1_4&#8243; _builder_version=&#8221;4.9.2&#8243; _module_preset=&#8221;default&#8221; background_color=&#8221;#B4351E&#8221; custom_margin=&#8221;||40px||false|false&#8221; custom_padding=&#8221;20px|20px|20px|20px|true|false&#8221; animation_style=&#8221;zoom&#8221; border_radii=&#8221;on|10px|10px|10px|10px&#8221; global_colors_info=&#8221;{}&#8221;][et_pb_column type=&#8221;3_4&#8243; _builder_version=&#8221;4.9.2&#8243; _module_preset=&#8221;default&#8221; global_colors_info=&#8221;{}&#8221;][et_pb_text _builder_version=&#8221;4.14.8&#8243; _module_preset=&#8221;default&#8221; header_4_font_size=&#8221;26px&#8221; background_layout=&#8221;dark&#8221; hover_enabled=&#8221;0&#8243; header_4_font_size_tablet=&#8221;25px&#8221; header_4_font_size_phone=&#8221;&#8221; header_4_font_size_last_edited=&#8221;on|tablet&#8221; global_colors_info=&#8221;{}&#8221; sticky_enabled=&#8221;0&#8243;]<\/p>\n<h4>Free access to sample lesson<\/p>\n<\/h4>\n<p>You need to create an account for free to access the tasks<\/p>\n<p>[\/et_pb_text][\/et_pb_column][et_pb_column type=&#8221;1_4&#8243; _builder_version=&#8221;4.9.2&#8243; _module_preset=&#8221;default&#8221; global_colors_info=&#8221;{}&#8221;][et_pb_button button_url=&#8221;https:\/\/yesicanenglish.es\/mi-cuenta\/&#8221; button_text=&#8221;Registrarse&#8221; _builder_version=&#8221;4.9.2&#8243; _module_preset=&#8221;default&#8221; global_colors_info=&#8221;{}&#8221;][\/et_pb_button][\/et_pb_column][\/et_pb_row][et_pb_row column_structure=&#8221;1_2,1_2&#8243; _builder_version=&#8221;4.9.2&#8243; _module_preset=&#8221;default&#8221; custom_padding=&#8221;62px|||||&#8221; global_colors_info=&#8221;{}&#8221;][et_pb_column type=&#8221;1_2&#8243; _builder_version=&#8221;4.9.2&#8243; _module_preset=&#8221;default&#8221; global_colors_info=&#8221;{}&#8221;][et_pb_text _builder_version=&#8221;4.9.2&#8243; _module_preset=&#8221;default&#8221; text_text_color=&#8221;#FFC107&#8243; text_font_size=&#8221;31px&#8221; text_line_height=&#8221;1.1em&#8221; animation_style=&#8221;fade&#8221; text_font_size_tablet=&#8221;25px&#8221; text_font_size_phone=&#8221;&#8221; text_font_size_last_edited=&#8221;on|tablet&#8221; global_colors_info=&#8221;{}&#8221;]<\/p>\n<p>Did you know that most academies have specific courses for Cambridge exams, but not for the <em>Escuela Oficial de Idiomas<\/em>?<\/p>\n<p>[\/et_pb_text][\/et_pb_column][et_pb_column type=&#8221;1_2&#8243; _builder_version=&#8221;4.9.2&#8243; _module_preset=&#8221;default&#8221; global_colors_info=&#8221;{}&#8221;][et_pb_text _builder_version=&#8221;4.9.2&#8243; _module_preset=&#8221;default&#8221; global_colors_info=&#8221;{}&#8221;]<\/p>\n<p>The characteristics of the EOI exam are very different and that is why in <strong>Yes, I Can! English<\/strong> we have prepared specific study material for this certification.<\/p>\n<p>[\/et_pb_text][et_pb_code module_class=&#8221;svg svgshort01&#8243; _builder_version=&#8221;4.9.2&#8243; _module_preset=&#8221;default&#8221; max_width=&#8221;240px&#8221; module_alignment=&#8221;center&#8221; custom_padding=&#8221;0px||0px||false|false&#8221; animation_style=&#8221;fade&#8221; saved_tabs=&#8221;all&#8221; global_colors_info=&#8221;{}&#8221;]<?xml version=\"1.0\" encoding=\"utf-8\"?><!-- [et_pb_line_break_holder] --><!-- Generator: Adobe Illustrator 25.2.3, SVG Export Plug-In . SVG Version: 6.00 Build 0)  --><!-- [et_pb_line_break_holder] --><svg version=\"1.1\" id=\"Capa_1\" xmlns=\"http:\/\/www.w3.org\/2000\/svg\" xmlns:xlink=\"http:\/\/www.w3.org\/1999\/xlink\" x=\"0px\" y=\"0px\"<!-- [et_pb_line_break_holder] -->\t viewBox=&#8221;0 0 224 80&#8243; style=&#8221;enable-background:new 0 0 224 80;&#8221; xml:space=&#8221;preserve&#8221;><!-- [et_pb_line_break_holder] --><\/p>\n<style type=\"text\/css\"><!-- [et_pb_line_break_holder] -->\t.st0{fill-rule:evenodd;clip-rule:evenodd;fill:#7A9D3C;}<!-- [et_pb_line_break_holder] -->\t.st1{fill-rule:evenodd;clip-rule:evenodd;fill:#5A2E28;}<!-- [et_pb_line_break_holder] --><\/style>\n<p><!-- [et_pb_line_break_holder] --><g><!-- [et_pb_line_break_holder] -->\t<g><!-- [et_pb_line_break_holder] -->\t\t<path class=\"st0\" d=\"M5.5,50.8L5.5,50.8c-0.2,0.3-0.7,0.5-0.7,0.8c-0.4,1.8-0.4,3.6,0.1,5.4c0,0.2,0.2,0.4,0.2,0.5<!-- [et_pb_line_break_holder] -->\t\t\tC5.2,58,6.2,58.3,6.6,58c0.7-0.4,1.2-1.3,1.2-2c-0.1-1.9-1-3.5-1.8-5.1C6,50.9,5.7,50.9,5.5,50.8z&#8221;\/><!-- [et_pb_line_break_holder] -->\t\t<path class=\"st0\" d=\"M5.5,27.9L5.5,27.9c0,0.9,0.1,1.5,0.1,2.1c0,0.2,0.1,0.4,0.1,0.6c0.1,0.4,0.4,0.7,0.8,0.8<!-- [et_pb_line_break_holder] -->\t\t\tc0.4,0.1,0.7,0,1-0.4c1.2-1.9,1.8-4,1.8-6.3c0-0.6-0.2-1.2-0.3-1.7c-0.1-0.4-0.4-0.7-0.9-0.7c-0.4,0-0.8,0.1-1.1,0.3<!-- [et_pb_line_break_holder] -->\t\t\tc-0.4,0.4-0.8,1-0.9,1.5C5.8,25.5,5.6,26.9,5.5,27.9z&#8221;\/><!-- [et_pb_line_break_holder] -->\t\t<path class=\"st0\" d=\"M15.6,53.6L15.6,53.6c-0.1-0.5-0.1-1.3-0.3-2.1c-0.9-2.8-2.8-4.8-5.6-5.8c-0.4-0.1-1.3,0.5-1.3,1<!-- [et_pb_line_break_holder] -->\t\t\tc0,0.2-0.1,0.4-0.1,0.6c0.2,2.4,0.9,4.7,2,6.9c0.3,0.5,0.7,1,1.1,1.4c0.4,0.4,1,0.6,1.6,0.8c0.9,0.3,2.2-0.5,2.4-1.3<!-- [et_pb_line_break_holder] -->\t\t\tC15.4,54.7,15.4,54.3,15.6,53.6z&#8221;\/><!-- [et_pb_line_break_holder] -->\t\t<path class=\"st0\" d=\"M23.4,42.8L23.4,42.8c1.4-0.1,2.8-0.1,4.2-0.3c1-0.1,1.9-0.6,2.7-1.3c0.5-0.5,0.5-1.7,0-2.2<!-- [et_pb_line_break_holder] -->\t\t\tc-1-0.8-2.1-1.3-3.3-1.3c-2.2-0.1-4.5-0.2-6.7-0.1c-2.2,0.1-4.4,0.6-6.5,1.5c-0.4,0.2-0.6,0.6-0.5,1c0,0.4,0.2,0.8,0.5,1<!-- [et_pb_line_break_holder] -->\t\t\ts0.7,0.3,1.1,0.5C17.8,42.5,20.6,42.8,23.4,42.8z&#8221;\/><!-- [et_pb_line_break_holder] -->\t\t<path class=\"st0\" d=\"M10.1,35.9L10.1,35.9c0.2,0,0.4,0.1,0.6,0.1c0.4-0.1,0.8-0.2,1.1-0.3c4.6-2.3,8.6-5.5,11.9-9.4<!-- [et_pb_line_break_holder] -->\t\t\tc0.5-0.6,1-1.3,1.1-2.1c0.1-0.5-0.4-1.3-1-1.3S22.5,22.8,22,23c-5.4,2-9.4,5.6-12.1,10.7c-0.3,0.5-0.2,1.2-0.3,1.8<!-- [et_pb_line_break_holder] -->\t\t\tC9.7,35.6,9.9,35.8,10.1,35.9z&#8221;\/><!-- [et_pb_line_break_holder] -->\t<\/g><!-- [et_pb_line_break_holder] -->\t<path class=\"st1\" d=\"M22.2,45c-1.8,0-3.7,0-5.5,0c-0.8,0-1.3,0.9-0.9,1.8c0.6,1.3,1.2,2.6,1.8,3.9c0.6,1.5,0.7,3.2,0.4,4.8<!-- [et_pb_line_break_holder] -->\t\tc-0.2,0.8-0.5,1.6-0.9,2.2c-0.7,1.1-1.7,1.7-3.1,1.7c-0.8,0-1.6-0.1-2.4-0.2c-0.9-0.1-1.6,0.1-2.3,0.6C8.6,60.2,8,60.7,7.2,61<!-- [et_pb_line_break_holder] -->\t\tc-1,0.4-2,0.5-2.9,0c-0.5-0.3-1-0.6-1.3-1.2c-0.7-1.3-1-2.7-1-4.1c-0.1-2.8-0.1-5.7,0.2-8.5c0.2-1.4,0.3-2.8,0.5-4.2<!-- [et_pb_line_break_holder] -->\t\tc0.4-3,0.6-6.1,0.4-9.1c-0.1-2-0.1-4.1,0-6.1c0-2.1,0.5-4,1.4-5.9c0.5-1.1,1.3-2,2.5-2.6c1.4-0.8,2.9-0.2,3.8,1s1.1,2.6,1.6,3.9<!-- [et_pb_line_break_holder] -->\t\tc0.2,0.6,1,0.9,1.5,0.6s1.1-0.6,1.6-0.9c1-0.6,2.1-1.3,3.1-1.9c1.6-0.9,3.3-1.5,5.1-1.9c0.8-0.2,1.6,0,2.4,0.3<!-- [et_pb_line_break_holder] -->\t\tc1.6,0.6,2.4,2.5,1.8,4c-0.5,1.4-1.2,2.6-2.2,3.6c-1.4,1.5-2.9,2.9-4.3,4.3c-0.4,0.4-0.8,0.9-1.2,1.4C20,33.8,20,34.1,20,34.2<!-- [et_pb_line_break_holder] -->\t\tc0,0.5,0.2,0.8,0.7,0.8c1.6,0.1,3.2,0.2,4.9,0.3c1.2,0.1,2.4,0.1,3.6,0.4c1.6,0.3,3.1,1.1,4.1,2.4c0.9,1.1,0.9,2.8,0.1,4<!-- [et_pb_line_break_holder] -->\t\tc-1.1,1.6-2.6,2.6-4.5,2.7C26.7,45,24.4,45,22.2,45C22.2,45.1,22.2,45.1,22.2,45L22.2,45z M10.1,35.9L10.1,35.9<!-- [et_pb_line_break_holder] -->\t\tc0.2,0,0.4,0.1,0.6,0.1c0.4-0.1,0.8-0.2,1.1-0.3c4.6-2.3,8.6-5.5,11.9-9.4c0.5-0.6,1-1.3,1.1-2.1c0.1-0.5-0.4-1.3-1-1.3<!-- [et_pb_line_break_holder] -->\t\tS22.5,22.8,22,23c-5.4,2-9.4,5.6-12.1,10.7c-0.3,0.5-0.2,1.2-0.3,1.8C9.7,35.6,9.9,35.8,10.1,35.9L10.1,35.9z M23.4,42.8L23.4,42.8<!-- [et_pb_line_break_holder] -->\t\tc1.4-0.1,2.8-0.1,4.2-0.3c1-0.1,1.9-0.6,2.7-1.3c0.5-0.5,0.5-1.7,0-2.2c-1-0.8-2.1-1.3-3.3-1.3c-2.2-0.1-4.5-0.2-6.7-0.1<!-- [et_pb_line_break_holder] -->\t\tc-2.2,0.1-4.4,0.6-6.5,1.5c-0.4,0.2-0.6,0.6-0.5,1c0,0.4,0.2,0.8,0.5,1s0.7,0.3,1.1,0.5C17.8,42.5,20.6,42.8,23.4,42.8L23.4,42.8z<!-- [et_pb_line_break_holder] -->\t\t M15.6,53.6L15.6,53.6c-0.1-0.5-0.1-1.3-0.3-2.1c-0.9-2.8-2.8-4.8-5.6-5.8c-0.4-0.1-1.3,0.5-1.3,1c0,0.2-0.1,0.4-0.1,0.6<!-- [et_pb_line_break_holder] -->\t\tc0.2,2.4,0.9,4.7,2,6.9c0.3,0.5,0.7,1,1.1,1.4c0.4,0.4,1,0.6,1.6,0.8c0.9,0.3,2.2-0.5,2.4-1.3C15.4,54.7,15.4,54.3,15.6,53.6<!-- [et_pb_line_break_holder] -->\t\tL15.6,53.6z M5.5,27.9L5.5,27.9c0,0.9,0.1,1.5,0.1,2.1c0,0.2,0.1,0.4,0.1,0.6c0.1,0.4,0.4,0.7,0.8,0.8c0.4,0.1,0.7,0,1-0.4<!-- [et_pb_line_break_holder] -->\t\tc1.2-1.9,1.8-4,1.8-6.3c0-0.6-0.2-1.2-0.3-1.7c-0.1-0.4-0.4-0.7-0.9-0.7c-0.4,0-0.8,0.1-1.1,0.3c-0.4,0.4-0.8,1-0.9,1.5<!-- [et_pb_line_break_holder] -->\t\tC5.8,25.5,5.6,26.9,5.5,27.9L5.5,27.9z M5.5,50.8L5.5,50.8c-0.2,0.3-0.7,0.5-0.7,0.8c-0.4,1.8-0.4,3.6,0.1,5.4<!-- [et_pb_line_break_holder] -->\t\tc0,0.2,0.2,0.4,0.2,0.5C5.2,58,6.2,58.3,6.6,58c0.7-0.4,1.2-1.3,1.2-2c-0.1-1.9-1-3.5-1.8-5.1C6,50.9,5.7,50.9,5.5,50.8z&#8221;\/><!-- [et_pb_line_break_holder] -->\t<path class=\"st1\" d=\"M57.7,29.4c6.2,0.1,11.6,2.2,15.8,6.8c1.4,1.5,2.7,3.1,4,4.6c2.2,2.7,4.7,5.1,7.5,7.2<!-- [et_pb_line_break_holder] -->\t\tc4.7,3.5,9.8,3.6,15.1,1.6c1.1-0.4,2.2-1.2,3.1-1.9c1.8-1.4,3.1-3.2,4.1-5.3c0.5-1.1,0.8-2.3,0.7-3.6c-0.3-3.1-1.6-5.4-4.3-7<!-- [et_pb_line_break_holder] -->\t\tc-0.2-0.1-0.4-0.2-0.5-0.3c-4.7-1.6-10.2-0.6-13,3.9c-1.3,2.1-1.2,4.3,0,6.4c0.6,1.1,1.6,1.8,2.8,2.2c1.4,0.4,2.8,0.4,4.2,0.2<!-- [et_pb_line_break_holder] -->\t\tc1.7-0.3,2.8-1.4,3.1-3.3c0.2-0.9-0.4-1.6-1.3-1.6c-0.4,0-0.8,0.2-1.2,0.2c-1,0-1.7-1.3-1.2-2.3c0.7-1.4,2.1-2.1,3.6-1.6<!-- [et_pb_line_break_holder] -->\t\tc1.2,0.4,2.1,1.3,2.5,2.5c0.4,1.4,0.5,2.8,0,4.2c-0.5,1.6-1.5,2.9-3,3.7c-2.7,1.5-7.4,1.4-10.3-1.4c-0.4-0.4-0.8-0.9-1.2-1.4<!-- [et_pb_line_break_holder] -->\t\tc-1.9-2.9-1.6-7.8,0.7-10.3c3-3.5,6.8-5.2,11.4-4.8c4.1,0.4,7.4,2.2,9.2,6.1c0.7,1.5,0.9,3.1,1,4.8c0.1,2.1-0.3,4.1-1.6,5.8<!-- [et_pb_line_break_holder] -->\t\tc-0.8,1.2-1.7,2.3-2.6,3.4c-2.9,3.2-6.6,4.7-10.8,5c-0.6,0-1.2,0-1.8,0c-3.6,0.1-6.8-1.1-9.7-3.2c-2.7-1.9-5-4.2-7.2-6.6<!-- [et_pb_line_break_holder] -->\t\tc-0.9-1.1-1.8-2.2-2.7-3.3c-0.8-0.9-1.6-1.9-2.4-2.7c-2.1-2.3-4.8-3.8-7.8-4.7c-3.6-1.1-7.2-1.4-10.9-0.3c-2,0.6-3.6,1.4-5,2.6<!-- [et_pb_line_break_holder] -->\t\tc-2.8,2.3-3.4,6.4-1.1,9.3c0.6,0.8,1.4,1.5,2.2,2.1c1.3,1,2.8,1.8,4.3,2.3c1.3,0.5,2.7,0.8,4.1,1.1c2.3,0.5,5.3-1.1,6.2-3<!-- [et_pb_line_break_holder] -->\t\tc0.3-0.7,0.3-1.7-0.2-2.3c-0.6-0.7-1.4-1-2.2-0.9c-0.8,0.2-1.5,0.6-2.2,1c-0.6,0.2-1.4,0-1.6-0.4c-0.3-0.6-0.4-1.1-0.1-1.7<!-- [et_pb_line_break_holder] -->\t\tc0.1-0.2,0.2-0.4,0.4-0.5c0.5-0.3,1-0.7,1.5-0.9c2.2-0.9,5.5,0.4,6.6,2c0.9,1.3,1.2,2.6,0.5,4c-1.4,3.1-3.7,4.8-7.1,5<!-- [et_pb_line_break_holder] -->\t\tc-2.1,0.2-4.1-0.1-6-0.9c-1.9-0.7-3.8-1.6-5.5-2.7c-1.4-0.9-2.5-2.1-3.4-3.5c-0.8-1.2-1.3-2.5-1.3-4c0-0.6,0-1.2,0-1.8<!-- [et_pb_line_break_holder] -->\t\tc0.1-2.9,1.4-5.1,3.7-6.7c2.7-1.9,5.8-3,9.1-3.2C56.5,29.4,57.1,29.4,57.7,29.4z&#8221;\/><!-- [et_pb_line_break_holder] -->\t<path class=\"st1\" d=\"M199,40.5c0,1.5,2.6,7.9,7.5,8.7c4.8,0.8,7-2.6,8-7.9c1-5.3-3.6-9.9-8-9.9c-2.4,0-4.5,2.8-5.1,2.8<!-- [et_pb_line_break_holder] -->\t\tc-0.6,0-2.8-0.7-1.9-2.5c1-2,3.1-3.4,6.3-3.4c8.2,0,11.3,8.4,11.3,12.7c0,4.3-1.6,10.9-9.7,10.9s-11.2-9-11.6-11.2<!-- [et_pb_line_break_holder] -->\t\tc-0.6,0-2.8,0-4.3,0.1c-1.3-0.1-2.8,0-4.2,0c0,0.1,0,0.1,0,0c-3,0.2-6.1,0.4-9.1,0.6c-0.9,0.1-1.5,0.6-1.8,1.4<!-- [et_pb_line_break_holder] -->\t\tc-0.1,0.4-0.2,0.8-0.4,1.2s-0.4,0.7-0.7,1c-0.4,0.4-0.8,0.3-1-0.1c-0.3-0.5-0.6-1.1-0.8-1.6c-0.4-1.1-1.1-1.7-2.2-1.8<!-- [et_pb_line_break_holder] -->\t\tc-1.6-0.1-3.3-0.1-4.9,0c-6.1,0.1-12.2,0.2-18.3,0.2c-6.3,0-12.6-0.1-19-0.2c-1.2,0-2.4,0.1-3.6,0.3c-0.6,0.1-1.1,0.5-1.4,1.1<!-- [et_pb_line_break_holder] -->\t\tc-0.2,0.6-0.4,1.1-0.6,1.7c-0.4,1.1-0.8,2.3-1.3,3.4c-0.4,0.9-1,1.8-1.7,2.5c-0.3,0.3-0.7,0.4-1.1,0.3c-0.4-0.2-0.6-0.5-0.5-1<!-- [et_pb_line_break_holder] -->\t\tc0.1-0.4,0.2-0.8,0.3-1.2c0.3-0.7,0.7-1.5,1.1-2.2c1.9-4.2,1.4-8.3-0.7-12.4c-0.7-1.4-2-2.6-2.3-4.2c-0.1-0.4,0.1-0.8,0.5-1<!-- [et_pb_line_break_holder] -->\t\tc0.2-0.1,0.4-0.1,0.6,0c0.5,0.3,1.1,0.6,1.4,1c1.1,1.3,1.9,2.7,2.5,4.2c0.6,1.3,1.1,2.6,1.7,3.9c0.3,0.6,0.8,0.9,1.4,1.1<!-- [et_pb_line_break_holder] -->\t\tc0.4,0.1,0.8,0.2,1.2,0.2c0.6,0,1.2,0.1,1.8,0.1c12.4,0,24.9,0,37.3,0c1.8,0,3.7-0.2,5.5-0.3c1.3-0.1,1.9-1.1,1.8-2.6<!-- [et_pb_line_break_holder] -->\t\tc0-0.2-0.1-0.4-0.1-0.6c0-0.2-0.1-0.4-0.1-0.6c0-0.4,0.2-0.7,0.6-0.9c0.4-0.2,0.8-0.1,1.1,0.2c1,0.8,1.1,2.1,1.9,3.1<!-- [et_pb_line_break_holder] -->\t\tc0.4,0.5,0.9,0.8,1.5,0.9c0.8,0.1,1.6,0.1,2.4,0.1c3.5-0.1,6.9-0.2,10.4-0.3c2.2-0.1,5.9-0.3,6.7-0.3S199,39,199,40.5z&#8221;\/><!-- [et_pb_line_break_holder] --><\/g><!-- [et_pb_line_break_holder] --><\/svg><!-- [et_pb_line_break_holder] -->[\/et_pb_code][\/et_pb_column][\/et_pb_row][\/et_pb_section]<\/p>\n","protected":false},"excerpt":{"rendered":"<p><div class=\"breadcrumbv2\"><a href=\"https:\/\/yesicanenglish.es\/en\/\">Home<\/a> \/ <a href=\"\"><\/a> \/ <span>Summer Courses<\/span><\/div>Summer certification courses for EOICurso 100% online y a tu ritmo a trav\u00e9s de nuestra plataforma de elearning.Learn English and get ready to obtain the EOI certificate in 10 lessons, a total of 40hrs.\u00a0 (35hrs. of classes and 5hrs. of corrections) training with a new methodology based on short modules of 35-40 minutes that cover [&hellip;]<\/p>\n","protected":false},"author":1,"featured_media":0,"parent":853,"menu_order":0,"comment_status":"closed","ping_status":"closed","template":"","meta":{"_acf_changed":false,"_et_pb_use_builder":"on","_et_pb_old_content":"","_et_gb_content_width":"","om_disable_all_campaigns":false,"_monsterinsights_skip_tracking":false,"_monsterinsights_sitenote_active":false,"_monsterinsights_sitenote_note":"","_monsterinsights_sitenote_category":0,"footnotes":""},"class_list":["post-1765","page","type-page","status-publish","hentry"],"acf":[],"aioseo_notices":[],"_links":{"self":[{"href":"https:\/\/yesicanenglish.es\/en\/wp-json\/wp\/v2\/pages\/1765","targetHints":{"allow":["GET"]}}],"collection":[{"href":"https:\/\/yesicanenglish.es\/en\/wp-json\/wp\/v2\/pages"}],"about":[{"href":"https:\/\/yesicanenglish.es\/en\/wp-json\/wp\/v2\/types\/page"}],"author":[{"embeddable":true,"href":"https:\/\/yesicanenglish.es\/en\/wp-json\/wp\/v2\/users\/1"}],"replies":[{"embeddable":true,"href":"https:\/\/yesicanenglish.es\/en\/wp-json\/wp\/v2\/comments?post=1765"}],"version-history":[{"count":3,"href":"https:\/\/yesicanenglish.es\/en\/wp-json\/wp\/v2\/pages\/1765\/revisions"}],"predecessor-version":[{"id":4756,"href":"https:\/\/yesicanenglish.es\/en\/wp-json\/wp\/v2\/pages\/1765\/revisions\/4756"}],"up":[{"embeddable":true,"href":"https:\/\/yesicanenglish.es\/en\/wp-json\/wp\/v2\/pages\/853"}],"wp:attachment":[{"href":"https:\/\/yesicanenglish.es\/en\/wp-json\/wp\/v2\/media?parent=1765"}],"curies":[{"name":"wp","href":"https:\/\/api.w.org\/{rel}","templated":true}]}}