{"id":4144,"date":"2021-11-29T14:38:00","date_gmt":"2021-11-29T12:38:00","guid":{"rendered":"https:\/\/yesicanenglish.es\/pruebas-de-nivel\/"},"modified":"2022-02-17T16:09:31","modified_gmt":"2022-02-17T15:09:31","slug":"pruebas-de-nivel","status":"publish","type":"page","link":"https:\/\/yesicanenglish.es\/en\/pruebas-de-nivel\/","title":{"rendered":"Pruebas de Nivel"},"content":{"rendered":"<p>[et_pb_section fb_built=&#8221;1&#8243; disabled_on=&#8221;off|off|off&#8221; _builder_version=&#8221;4.9.2&#8243; _module_preset=&#8221;default&#8221; background_color=&#8221;RGBA(0,0,0,0)&#8221; custom_padding=&#8221;20px||0px||false|false&#8221; global_module=&#8221;206&#8243; saved_tabs=&#8221;all&#8221; global_colors_info=&#8221;{}&#8221;][et_pb_row disabled_on=&#8221;off|off|off&#8221; _builder_version=&#8221;4.9.2&#8243; custom_margin=&#8221;||||false|false&#8221; custom_margin_last_edited=&#8221;off|tablet&#8221; locked=&#8221;off&#8221; global_colors_info=&#8221;{}&#8221;][et_pb_column type=&#8221;4_4&#8243; _builder_version=&#8221;4.2.2&#8243; global_colors_info=&#8221;{}&#8221;][et_pb_divider color=&#8221;#f9ce6e&#8221; divider_position=&#8221;center&#8221; divider_weight=&#8221;1px&#8221; disabled_on=&#8221;on|on|off&#8221; _builder_version=&#8221;4.9.2&#8243; width=&#8221;120px&#8221; height=&#8221;7px&#8221; box_shadow_style=&#8221;preset7&#8243; box_shadow_horizontal=&#8221;40px&#8221; box_shadow_vertical=&#8221;0px&#8221; box_shadow_color=&#8221;#f9ce6e&#8221; locked=&#8221;off&#8221; global_colors_info=&#8221;{}&#8221;][\/et_pb_divider][et_pb_text _builder_version=&#8221;4.9.2&#8243; header_4_font=&#8221;PT Sans|700||on|||||&#8221; header_4_text_color=&#8221;#ffc107&#8243; header_4_font_size=&#8221;11px&#8221; header_4_letter_spacing=&#8221;1px&#8221; custom_margin=&#8221;-38px|||130px|false|false&#8221; custom_padding=&#8221;||||false|false&#8221; locked=&#8221;off&#8221; global_colors_info=&#8221;{}&#8221;]<\/p>\n<h4><div class=\"breadcrumbv2\"><a href=\"https:\/\/yesicanenglish.es\/en\/\">Home<\/a> \/ <a href=\"\"><\/a> \/ <span>Pruebas de Nivel<\/span><\/div><\/h4>\n<p>[\/et_pb_text][et_pb_text _builder_version=&#8221;4.9.2&#8243; _dynamic_attributes=&#8221;content&#8221; header_font_size=&#8221;63px&#8221; header_font_size_tablet=&#8221;45px&#8221; header_font_size_phone=&#8221;&#8221; header_font_size_last_edited=&#8221;on|tablet&#8221; global_colors_info=&#8221;{}&#8221;]@ET-DC@eyJkeW5hbWljIjp0cnVlLCJjb250ZW50IjoicG9zdF90aXRsZSIsInNldHRpbmdzIjp7ImJlZm9yZSI6IjxoMT4iLCJhZnRlciI6IjwvaDE+In19@[\/et_pb_text][\/et_pb_column][\/et_pb_row][\/et_pb_section][et_pb_section fb_built=&#8221;1&#8243; module_id=&#8221;cambridge&#8221; _builder_version=&#8221;4.9.2&#8243; _module_preset=&#8221;default&#8221; custom_padding=&#8221;6px||110px|||&#8221; global_colors_info=&#8221;{}&#8221;][et_pb_row column_structure=&#8221;1_2,1_2&#8243; _builder_version=&#8221;4.14.4&#8243; _module_preset=&#8221;default&#8221; custom_padding=&#8221;40px||||false|false&#8221; border_width_top=&#8221;1px&#8221; border_color_top=&#8221;#FFC107&#8243; global_colors_info=&#8221;{}&#8221;][et_pb_column type=&#8221;1_2&#8243; _builder_version=&#8221;4.14.4&#8243; _module_preset=&#8221;default&#8221; global_colors_info=&#8221;{}&#8221;][et_pb_text _builder_version=&#8221;4.14.4&#8243; _module_preset=&#8221;default&#8221; text_text_color=&#8221;#7A9D3C&#8221; text_font_size=&#8221;21px&#8221; text_line_height=&#8221;1.1em&#8221; animation_style=&#8221;fade&#8221; hover_enabled=&#8221;0&#8243; text_font_size_tablet=&#8221;25px&#8221; text_font_size_phone=&#8221;&#8221; text_font_size_last_edited=&#8221;on|tablet&#8221; global_colors_info=&#8221;{}&#8221; theme_builder_area=&#8221;post_content&#8221; sticky_enabled=&#8221;0&#8243; custom_padding=&#8221;||48px|||&#8221;]<\/p>\n<p>Prueba este test donde evaluaremos tdas tus habilidades. Tendr\u00e1s la correcci\u00f3n autom\u00e1tica de<em>\u00a0Reading, Grammar <\/em>and <em>Listening. <\/em><strong><em>Writing y <\/em><em>Speaking<\/em> lo corrigen nuestros profesores.<\/strong><\/p>\n<p>Recibir\u00e1s tus resultados en 3-4 d\u00edas desde que completes el test y recibamos tus pruebas escritas y oreales<\/p>\n<p>[\/et_pb_text][et_pb_text _builder_version=&#8221;4.14.4&#8243; _module_preset=&#8221;default&#8221; custom_margin=&#8221;||14px|||&#8221; hover_enabled=&#8221;0&#8243; global_colors_info=&#8221;{}&#8221; sticky_enabled=&#8221;0&#8243;]<\/p>\n<h3>ENTRY LEVEL TEST B1 \/ B2<\/h3>\n<p>[\/et_pb_text][et_pb_button button_url=&#8221;https:\/\/yesicanenglish.es\/courses\/prueba-de-nivel-b1-b2\/lessons\/instrucciones-de-la-prueba-de-nivel-2\/&#8221; button_text=&#8221;Prueba B1 \/ B2&#8243; _builder_version=&#8221;4.14.4&#8243; _module_preset=&#8221;default&#8221; global_colors_info=&#8221;{}&#8221;][\/et_pb_button][et_pb_divider show_divider=&#8221;off&#8221; _builder_version=&#8221;4.14.4&#8243; _module_preset=&#8221;default&#8221; height=&#8221;21px&#8221; hover_enabled=&#8221;0&#8243; global_colors_info=&#8221;{}&#8221; sticky_enabled=&#8221;0&#8243;][\/et_pb_divider][et_pb_text _builder_version=&#8221;4.14.4&#8243; _module_preset=&#8221;default&#8221; custom_margin=&#8221;||9px|||&#8221; hover_enabled=&#8221;0&#8243; global_colors_info=&#8221;{}&#8221; sticky_enabled=&#8221;0&#8243;]<\/p>\n<h3>ENTRY LEVEL TEST B2 \/ C1<\/h3>\n<p>[\/et_pb_text][et_pb_button button_url=&#8221;https:\/\/yesicanenglish.es\/courses\/prueba-de-nivel-b2-c1\/lessons\/instrucciones-de-la-prueba-de-nivel\/quizzes\/entry-level-test-cuestionario-prueba-de-nivel-b2-c1\/&#8221; button_text=&#8221;Prueba B2 \/ C1&#8243; _builder_version=&#8221;4.14.4&#8243; _module_preset=&#8221;default&#8221; global_colors_info=&#8221;{}&#8221;][\/et_pb_button][\/et_pb_column][et_pb_column type=&#8221;1_2&#8243; _builder_version=&#8221;4.14.4&#8243; _module_preset=&#8221;default&#8221; global_colors_info=&#8221;{}&#8221;][et_pb_image src=&#8221;https:\/\/yesicanenglish.es\/wp-content\/uploads\/2022\/02\/prueba-de-ingles-gratis-facil-Nivel-B1-B2-C1.png&#8221; title_text=&#8221;prueba-de-ingles-gratis-facil-Nivel-B1-B2-C1&#8243; _builder_version=&#8221;4.14.4&#8243; _module_preset=&#8221;default&#8221; hover_enabled=&#8221;0&#8243; global_colors_info=&#8221;{}&#8221; sticky_enabled=&#8221;0&#8243; use_background_color_gradient=&#8221;on&#8221; background_color_gradient_start=&#8221;rgba(255,255,255,0)&#8221; background_color_gradient_end=&#8221;rgba(122,157,60,0.22)&#8221; background_color_gradient_start_position=&#8221;82%&#8221; background_color_gradient_end_position=&#8221;90%&#8221; align=&#8221;center&#8221; custom_padding=&#8221;||10px||false|false&#8221;][\/et_pb_image][\/et_pb_column][\/et_pb_row][et_pb_row custom_padding_last_edited=&#8221;on|tablet&#8221; module_class=&#8221;blocklog&#8221; _builder_version=&#8221;4.9.2&#8243; _module_preset=&#8221;default&#8221; background_color=&#8221;#B4351E&#8221; custom_padding=&#8221;20px|40px|20px|40px|true|true&#8221; custom_padding_tablet=&#8221;|20px||20px|true|true&#8221; custom_padding_phone=&#8221;&#8221; global_module=&#8221;2165&#8243; saved_tabs=&#8221;all&#8221; global_colors_info=&#8221;{}&#8221;][et_pb_column type=&#8221;4_4&#8243; _builder_version=&#8221;4.9.2&#8243; _module_preset=&#8221;default&#8221; global_colors_info=&#8221;{}&#8221;][et_pb_text module_class=&#8221;woocommerce&#8221; _builder_version=&#8221;4.9.2&#8243; _module_preset=&#8221;default&#8221; background_layout=&#8221;dark&#8221; global_colors_info=&#8221;{}&#8221;]<div class=\"learndash-wrapper learndash-wrap learndash-shortcode-wrap\"><div class=\"learndash-course-visitor-message\">\n\t<\/p>\n<h3>Accede para realizar la prueba:<\/h3>\n<div class=\"learndash-wrapper\"><a class=\"ld-login ld-login ld-login-text ld-login-button ld-button\" href=\"#login\"><span class=\"ld-icon ld-icon-login ld-icon-left\"><\/span>Login<\/a><\/div>\n<h3>Nuevo usuario:<\/h3>\n<p><div class=\"woocommerce-notices-wrapper\"><\/div>\n<div class=\"formulario\">\n<form method=\"post\" class=\"woocommerce-form woocommerce-form-register register\"  >\n<p class=\"woocommerce-form-row woocommerce-form-row--wide form-row form-row-wide\">\n            <label for=\"reg_email\">Email address <span class=\"required\">*<\/span><\/label><br \/>\n            <input type=\"email\" class=\"woocommerce-Input woocommerce-Input--text input-text\" name=\"email\" id=\"reg_email\" autocomplete=\"email\" value=\"\" \/>         <\/p>\n<p class=\"woocommerce-form-row woocommerce-form-row--wide form-row form-row-wide\"><label for=\"reg_username\">Username <span class=\"required\">*<\/span><\/label><br \/>\n\t\t\t<input type=\"text\" class=\"woocommerce-Input woocommerce-Input--text input-text\" name=\"username\" id=\"reg_username\" autocomplete=\"username\" value=\"\" \/>            <\/p>\n<p class=\"woocommerce-form-row woocommerce-form-row--wide form-row form-row-wide\">\n               <label for=\"reg_password\">Password <span class=\"required\">*<\/span><\/label><br \/>\n               <input type=\"password\" class=\"woocommerce-Input woocommerce-Input--text input-text\" name=\"password\" id=\"reg_password\" autocomplete=\"new-password\" \/>\n            <\/p>\n<p>                    <wc-order-attribution-inputs><\/wc-order-attribution-inputs><\/p>\n<div class=\"woocommerce-privacy-policy-text\">\n<p>Tus datos personales se utilizar\u00e1n para procesar tu pedido, mejorar tu experiencia en esta web, gestionar el acceso a tu cuenta y otros prop\u00f3sitos descritos en nuestra <a target=\"_blank\" href=\"https:\/\/yesicanenglish.es\/politica-de-privacidad\/\">Pol\u00edtica de Privacidad<\/a>.<\/p>\n<\/div>\n<p><!-- Mailchimp for WordPress v4.9.17 - https:\/\/www.mc4wp.com\/ --><input type=\"hidden\" name=\"_mc4wp_subscribe_wp-registration-form\" value=\"0\" \/><\/p>\n<p class=\"mc4wp-checkbox mc4wp-checkbox-wp-registration-form \" ><label><input type=\"checkbox\" name=\"_mc4wp_subscribe_wp-registration-form\" value=\"1\"  \/><span>\u00a1Suscr\u00edbeme a la lista de correo!<\/span><\/label><\/p>\n<p><!-- \/ Mailchimp for WordPress -->          <\/p>\n<p class=\"woocommerce-FormRow form-row\">\n            <input type=\"hidden\" id=\"woocommerce-register-nonce\" name=\"woocommerce-register-nonce\" value=\"44029e0330\" \/><input type=\"hidden\" name=\"_wp_http_referer\" value=\"\/en\/wp-json\/wp\/v2\/pages\/4144\" \/>            <button type=\"submit\" class=\"woocommerce-Button woocommerce-button button woocommerce-form-register__submit\" name=\"register\" value=\"Register\">Register<\/button>\n         <\/p>\n<\/p><\/form>\n<\/p><\/div>\n\t<\/div>\n\t<\/div>[\/et_pb_text][\/et_pb_column][\/et_pb_row][\/et_pb_section]<\/p>\n","protected":false},"excerpt":{"rendered":"<p><div class=\"breadcrumbv2\"><a href=\"https:\/\/yesicanenglish.es\/en\/\">Home<\/a> \/ <a href=\"\"><\/a> \/ <span>Pruebas de Nivel<\/span><\/div>Prueba este test donde evaluaremos tdas tus habilidades. Tendr\u00e1s la correcci\u00f3n autom\u00e1tica de\u00a0Reading, Grammar and Listening. Writing y Speaking lo corrigen nuestros profesores. Recibir\u00e1s tus resultados en 3-4 d\u00edas desde que completes el test y recibamos tus pruebas escritas y orealesENTRY LEVEL TEST B1 \/ B2ENTRY LEVEL TEST B2 \/ C1 Accede para realizar la [&hellip;]<\/p>\n","protected":false},"author":1,"featured_media":0,"parent":0,"menu_order":0,"comment_status":"closed","ping_status":"closed","template":"","meta":{"_acf_changed":false,"_et_pb_use_builder":"on","_et_pb_old_content":"","_et_gb_content_width":"","om_disable_all_campaigns":false,"_monsterinsights_skip_tracking":false,"_monsterinsights_sitenote_active":false,"_monsterinsights_sitenote_note":"","_monsterinsights_sitenote_category":0,"footnotes":""},"class_list":["post-4144","page","type-page","status-publish","hentry"],"acf":[],"aioseo_notices":[],"_links":{"self":[{"href":"https:\/\/yesicanenglish.es\/en\/wp-json\/wp\/v2\/pages\/4144","targetHints":{"allow":["GET"]}}],"collection":[{"href":"https:\/\/yesicanenglish.es\/en\/wp-json\/wp\/v2\/pages"}],"about":[{"href":"https:\/\/yesicanenglish.es\/en\/wp-json\/wp\/v2\/types\/page"}],"author":[{"embeddable":true,"href":"https:\/\/yesicanenglish.es\/en\/wp-json\/wp\/v2\/users\/1"}],"replies":[{"embeddable":true,"href":"https:\/\/yesicanenglish.es\/en\/wp-json\/wp\/v2\/comments?post=4144"}],"version-history":[{"count":2,"href":"https:\/\/yesicanenglish.es\/en\/wp-json\/wp\/v2\/pages\/4144\/revisions"}],"predecessor-version":[{"id":4151,"href":"https:\/\/yesicanenglish.es\/en\/wp-json\/wp\/v2\/pages\/4144\/revisions\/4151"}],"wp:attachment":[{"href":"https:\/\/yesicanenglish.es\/en\/wp-json\/wp\/v2\/media?parent=4144"}],"curies":[{"name":"wp","href":"https:\/\/api.w.org\/{rel}","templated":true}]}}